{"id":27,"date":"2016-11-21T13:21:30","date_gmt":"2016-11-21T12:21:30","guid":{"rendered":"http:\/\/sabine-waskoenig.de\/index.php\/home\/"},"modified":"2018-05-05T14:52:55","modified_gmt":"2018-05-05T12:52:55","slug":"home","status":"publish","type":"page","link":"https:\/\/www.sabine-waskoenig.de\/","title":{"rendered":"Home"},"content":{"rendered":"<p><strong>Fotografie historischer Automobile und Rennsportfotografie<img loading=\"lazy\" class=\"size-medium wp-image-14691 alignleft\" src=\"http:\/\/www.sabine-waskoenig.de\/wp-content\/uploads\/2018\/05\/20452074_1545038408888850_4882568035176240204_o-1-300x258.jpg\" alt=\"\" width=\"300\" height=\"258\" srcset=\"https:\/\/www.sabine-waskoenig.de\/wp-content\/uploads\/2018\/05\/20452074_1545038408888850_4882568035176240204_o-1-300x258.jpg 300w, https:\/\/www.sabine-waskoenig.de\/wp-content\/uploads\/2018\/05\/20452074_1545038408888850_4882568035176240204_o-1-768x660.jpg 768w, https:\/\/www.sabine-waskoenig.de\/wp-content\/uploads\/2018\/05\/20452074_1545038408888850_4882568035176240204_o-1-1024x880.jpg 1024w, https:\/\/www.sabine-waskoenig.de\/wp-content\/uploads\/2018\/05\/20452074_1545038408888850_4882568035176240204_o-1.jpg 1723w\" sizes=\"(max-width: 300px) 100vw, 300px\" \/><\/strong><\/p>\n<p><strong>\u201cDie Tatsache, dass eine (im konventionellen Sinn) technisch fehlerhafte Fotografie gef\u00fchlsm\u00e4ssig wirksamer sein kann<\/strong><br \/>\n<strong>als ein technisch fehlerloses Bild, wird auf jene schockierend wirken, die naiv genug sind zu glauben,<\/strong><br \/>\n<strong>dass technische Perfektion den wahren Wert eines Fotos ausmacht.\u201d<\/strong><br \/>\n<em>Andreas Feininger<\/em><\/p>\n<p>&nbsp;<\/p>\n<p>Die analoge Fotografie war das gro\u00dfe Hobby meines Vaters, der diese Passion schlussendlich zu einem Teil seines&nbsp;Beruf machte. Es ist kaum verwunderlich, dass bei seiner Tochter auch etwas davon h\u00e4ngen geblieben ist. Damals wie heute ist die Liebe zu dem, was man tut, ausschlaggebend f\u00fcr die Qualit\u00e4t des Ergebnisses. Auch wenn man es heute anders tut. Digital. Schneller. Und oft auch oberfl\u00e4chlicher.<br \/>\nDigitale Bildbearbeitung macht heute vieles m\u00f6glich. Sie gibt dem Fotografen die Chance, den Charakter eines Bildes herauszustreichen und zu fokussieren. Fast alle meine Bilder sind digital bearbeitet.<\/p>\n<p>Meine Lieblingsmotive sind historische Automobile mit &#8222;ihren&#8220; Menschen auf der Rennstrecke.&nbsp;Die gr\u00f6\u00dfte Herausforderung beim Fotografieren ist f\u00fcr mich, den Augenblick der Bewegung festzuhalten und die Atmosph\u00e4re einzufangen.<\/p>\n<p>Viel Spa\u00df beim Anschauen, \u00fcber konstruktive Kritik freue ich mich!<\/p>\n<p>Sabine Wask\u00f6nig<\/p>\n","protected":false},"excerpt":{"rendered":"<p>Fotografie historischer Automobile und Rennsportfotografie \u201cDie Tatsache, dass eine (im konventionellen Sinn) technisch fehlerhafte Fotografie gef\u00fchlsm\u00e4ssig wirksamer sein kann als ein technisch fehlerloses Bild, wird auf jene schockierend wirken, die naiv genug sind zu glauben, dass technische Perfektion den wahren Wert eines Fotos ausmacht.\u201d Andreas Feininger &nbsp; Die analoge Fotografie war das gro\u00dfe Hobby meines [&hellip;]<\/p>\n","protected":false},"author":1,"featured_media":14691,"parent":0,"menu_order":1,"comment_status":"closed","ping_status":"closed","template":"","meta":{"ngg_post_thumbnail":0},"_links":{"self":[{"href":"https:\/\/www.sabine-waskoenig.de\/index.php\/wp-json\/wp\/v2\/pages\/27"}],"collection":[{"href":"https:\/\/www.sabine-waskoenig.de\/index.php\/wp-json\/wp\/v2\/pages"}],"about":[{"href":"https:\/\/www.sabine-waskoenig.de\/index.php\/wp-json\/wp\/v2\/types\/page"}],"author":[{"embeddable":true,"href":"https:\/\/www.sabine-waskoenig.de\/index.php\/wp-json\/wp\/v2\/users\/1"}],"replies":[{"embeddable":true,"href":"https:\/\/www.sabine-waskoenig.de\/index.php\/wp-json\/wp\/v2\/comments?post=27"}],"version-history":[{"count":22,"href":"https:\/\/www.sabine-waskoenig.de\/index.php\/wp-json\/wp\/v2\/pages\/27\/revisions"}],"predecessor-version":[{"id":14700,"href":"https:\/\/www.sabine-waskoenig.de\/index.php\/wp-json\/wp\/v2\/pages\/27\/revisions\/14700"}],"wp:featuredmedia":[{"embeddable":true,"href":"https:\/\/www.sabine-waskoenig.de\/index.php\/wp-json\/wp\/v2\/media\/14691"}],"wp:attachment":[{"href":"https:\/\/www.sabine-waskoenig.de\/index.php\/wp-json\/wp\/v2\/media?parent=27"}],"curies":[{"name":"wp","href":"https:\/\/api.w.org\/{rel}","templated":true}]}}